{"id":167,"date":"2024-11-13T20:09:10","date_gmt":"2024-11-13T20:09:10","guid":{"rendered":"http:\/\/d-images.net\/?page_id=167"},"modified":"2026-04-01T10:46:55","modified_gmt":"2026-04-01T09:46:55","slug":"papiers","status":"publish","type":"page","link":"https:\/\/d-images.net\/en\/papiers\/","title":{"rendered":"Papers"},"content":{"rendered":"<p>Atelier D images is a certified fine art printing studio by both Hahnem\u00fchle and Canson \u2013 a distinction granted to select partners committed to the highest standards of fine art printing, color accuracy, and archival quality.<\/p>\n\n\n\n<p>Nous proposons exclusivement des papiers haut de gamme, issus des plus grandes papeteries europ\u00e9ennes. Voici une s\u00e9lection repr\u00e9sentative de papiers Hahnem\u00fchle et Canson \u2013 chacun avec sa texture, sa tonalit\u00e9 et sa personnalit\u00e9. Il ne s\u2019agit que de quelques exemples : les gammes compl\u00e8tes sont tr\u00e8s \u00e9tendues, et nous sommes \u00e0 votre disposition pour toute demande sp\u00e9cifique.<\/p>\n\n\n\n<figure class=\"wp-block-image size-large\"><img loading=\"lazy\" decoding=\"async\" width=\"1024\" height=\"717\" src=\"https:\/\/d-images.net\/wp-content\/uploads\/2026\/04\/OG201503039839-1024x717.jpg\" alt=\"\" class=\"wp-image-567\" srcset=\"https:\/\/d-images.net\/wp-content\/uploads\/2026\/04\/OG201503039839-1024x717.jpg 1024w, https:\/\/d-images.net\/wp-content\/uploads\/2026\/04\/OG201503039839-300x210.jpg 300w, https:\/\/d-images.net\/wp-content\/uploads\/2026\/04\/OG201503039839-768x538.jpg 768w, https:\/\/d-images.net\/wp-content\/uploads\/2026\/04\/OG201503039839-1536x1075.jpg 1536w, https:\/\/d-images.net\/wp-content\/uploads\/2026\/04\/OG201503039839-2048x1434.jpg 2048w, https:\/\/d-images.net\/wp-content\/uploads\/2026\/04\/OG201503039839-18x12.jpg 18w, https:\/\/d-images.net\/wp-content\/uploads\/2026\/04\/OG201503039839-600x420.jpg 600w\" sizes=\"auto, (max-width: 1024px) 100vw, 1024px\" \/><\/figure>\n\n\n\n<p><a href=\"https:\/\/www.hahnemuehle.com\/\"><strong>Hahnem\u00fchle<\/strong><\/a> Hahnem\u00fchle \u2013 German Precision since 1584.<\/p>\n\n\n\n<p><strong>Fine art :<\/strong><\/p>\n\n\n\n<ul class=\"wp-block-list\">\n<li>Photo Rag\u00ae 308 g\/m\u00b2  <br>Coton 100%, surface lisse. R\u00e9f\u00e9rence mondiale pour la photo fine art.<\/li>\n\n\n\n<li>Photo Rag Ultra Smooth 305 g\/m\u00b2 <br>100% cotton, natural white, completely smooth surface. Ideal for highly detailed prints and smooth tonal transitions.<\/li>\n\n\n\n<li>Photo Rag Matt Baryta 308 g\/m\u00b2 <br>Matte baryta finish \u2013 no reflections, deep blacks, and a refined photographic feel. A perfect hybrid between classic and contemporary.<\/li>\n\n\n\n<li>Museum Etching 350 g\/m\u00b2 <br>Heavyweight, highly textured, warm white tone. A striking choice for art reproductions and expressive works.<\/li>\n<\/ul>\n\n\n\n<p>Natural Line \u2013 eco-friendly papers from alternative fibers : <\/p>\n\n\n\n<ul class=\"wp-block-list\">\n<li>Hemp 290 g\/m\u00b2<br>60% hemp fiber, natural white, soft touch. Lightly textured, extremely durable \u2013 ideal for modern photography and graphic work.<\/li>\n\n\n\n<li>Agave 290 g\/m\u00b2<br>70% agave fiber, warm tone, pronounced texture. Bold and organic, with a unique feel suited to illustration or natural subjects.<\/li>\n\n\n\n<li>Bamboo Gloss Baryta 305 g\/m\u00b2<br>90% bamboo, satin baryta surface. A unique blend of eco-responsibility and traditional darkroom aesthetics \u2013 deep blacks with a smooth gloss.<\/li>\n<\/ul>\n\n\n\n<p><strong>Photo : <\/strong><\/p>\n\n\n\n<ul class=\"wp-block-list\">\n<li>Photo Silk Baryta X 310<br>310 g\/m\u00b2, blanc, satin\u00e9 brillance. Le papier \u00e0 base de cellulose dot\u00e9 d\u2019un couchage jet d\u2019encre optimis\u00e9 pour les applications photos et convient parfaitement \u00e0 l\u2019impression de photos et de posters.<\/li>\n\n\n\n<li>Photo Matt Fibre 200<br>200 g\/m\u00b2, blanc naturel. Le papier \u00e0 base de cellulose naturelle dot\u00e9 d\u2019un couchage optimis\u00e9 pour l\u2019impression jet d\u2019encre. Il convient parfaitement au tirage de photos, de posters et de livres photos.<\/li>\n\n\n\n<li>Sustainable Photo Satin 220<br>220 g\/m\u00b2, extra blanc, satin\u00e9. Une alternative durable aux papiers photo jet d\u2019encre \u00e0 base de PE (poly\u00e9thyl\u00e8ne). Son nouveau couchage pour impression jet d\u2019encre, d\u00e9pourvu de film ou de composites plastiques et recyclable \u00e0 100% via les circuits de recyclage traditionnels du papier.<\/li>\n<\/ul>\n\n\n\n<p>Why Hahnem\u00fchle? Unmatched Dmax, color depth, and archival permanence. Natural Line papers reflect a sustainable approach without compromising print quality.<\/p>\n\n\n\n<p><a href=\"https:\/\/fr.canson.com\/\"><strong>Canson \u2013 French Heritage since 1557.<\/strong><\/a> \u2013 L\u2019h\u00e9ritage fran\u00e7ais depuis 1557<\/p>\n\n\n\n<ul class=\"wp-block-list\">\n<li>Rag Photographique \u2013 Extra-smooth, 100% cotton, matte finish, pure white without optical brighteners.<\/li>\n\n\n\n<li>Baryta Prestige II \u2013 340 gsm, elegant gloss, exceptional black density. A tribute to darkroom tradition.<\/li>\n\n\n\n<li>Edition Etching Rag \u2013 Subtle texture, rich matte look \u2013 perfect for fine art photography and illustrations.<\/li>\n<\/ul>\n\n\n\n<p>Why Canson? Pure base materials, OBA-free papers, and a legacy of quality trusted by artists for generations.<\/p>\n\n\n\n<p><strong>Une demande particuli\u00e8re ?<br><\/strong>Ce ne sont l\u00e0 que quelques exemples \u2013 la gamme compl\u00e8te est bien plus vaste. <a href=\"https:\/\/d-images.net\/en\/contact\/\" data-type=\"link\" data-id=\"https:\/\/d-images.net\/contact\/\">N\u2019h\u00e9sitez pas \u00e0 nous contacter<\/a> pour conna\u00eetre la disponibilit\u00e9 d\u2019un papier sp\u00e9cifique. Nous serons ravis de vous guider dans votre choix.<\/p>","protected":false},"excerpt":{"rendered":"<p>Atelier de tirages D images est un laboratoire certifi\u00e9 par Hahnem\u00fchle et Canson \u2013 une reconnaissance accord\u00e9e \u00e0 un nombre limit\u00e9 d\u2019ateliers r\u00e9pondant aux exigences les plus strictes en mati\u00e8re de gestion colorim\u00e9trique, de qualit\u00e9 d\u2019impression et de conservation mus\u00e9ale. Nous proposons exclusivement des papiers haut de gamme, issus des plus grandes papeteries europ\u00e9ennes. Voici [&hellip;]<\/p>","protected":false},"author":1,"featured_media":0,"parent":0,"menu_order":0,"comment_status":"closed","ping_status":"closed","template":"","meta":{"_acf_changed":false,"footnotes":""},"class_list":["post-167","page","type-page","status-publish","hentry"],"acf":[],"_links":{"self":[{"href":"https:\/\/d-images.net\/en\/wp-json\/wp\/v2\/pages\/167","targetHints":{"allow":["GET"]}}],"collection":[{"href":"https:\/\/d-images.net\/en\/wp-json\/wp\/v2\/pages"}],"about":[{"href":"https:\/\/d-images.net\/en\/wp-json\/wp\/v2\/types\/page"}],"author":[{"embeddable":true,"href":"https:\/\/d-images.net\/en\/wp-json\/wp\/v2\/users\/1"}],"replies":[{"embeddable":true,"href":"https:\/\/d-images.net\/en\/wp-json\/wp\/v2\/comments?post=167"}],"version-history":[{"count":12,"href":"https:\/\/d-images.net\/en\/wp-json\/wp\/v2\/pages\/167\/revisions"}],"predecessor-version":[{"id":570,"href":"https:\/\/d-images.net\/en\/wp-json\/wp\/v2\/pages\/167\/revisions\/570"}],"wp:attachment":[{"href":"https:\/\/d-images.net\/en\/wp-json\/wp\/v2\/media?parent=167"}],"curies":[{"name":"wp","href":"https:\/\/api.w.org\/{rel}","templated":true}]}}