{"id":170,"date":"2024-11-13T20:09:33","date_gmt":"2024-11-13T20:09:33","guid":{"rendered":"http:\/\/d-images.net\/?page_id=170"},"modified":"2025-06-16T18:17:45","modified_gmt":"2025-06-16T17:17:45","slug":"encres","status":"publish","type":"page","link":"https:\/\/d-images.net\/en\/encres\/","title":{"rendered":"Inks"},"content":{"rendered":"<p>Atelier D images uses Epson UltraChrome K3 pigment inks \u2013 a global benchmark in long-lasting, museum-grade printing.<\/p>\n\n\n\n<p>We are committed to delivering prints that last for generations. The UltraChrome K3 system, with its 8 pigment-based inks (including three distinct black tones), offers unmatched precision in both color and black &amp; white.<\/p>\n\n\n\n<figure class=\"wp-block-image size-large\"><img loading=\"lazy\" decoding=\"async\" width=\"1024\" height=\"397\" src=\"https:\/\/d-images.net\/wp-content\/uploads\/2025\/06\/Image-Homme-Tatoue-BD-1024x397.jpg\" alt=\"\" class=\"wp-image-474\" srcset=\"https:\/\/d-images.net\/wp-content\/uploads\/2025\/06\/Image-Homme-Tatoue-BD-1024x397.jpg 1024w, https:\/\/d-images.net\/wp-content\/uploads\/2025\/06\/Image-Homme-Tatoue-BD-300x116.jpg 300w, https:\/\/d-images.net\/wp-content\/uploads\/2025\/06\/Image-Homme-Tatoue-BD-768x297.jpg 768w, https:\/\/d-images.net\/wp-content\/uploads\/2025\/06\/Image-Homme-Tatoue-BD-18x7.jpg 18w, https:\/\/d-images.net\/wp-content\/uploads\/2025\/06\/Image-Homme-Tatoue-BD-600x232.jpg 600w, https:\/\/d-images.net\/wp-content\/uploads\/2025\/06\/Image-Homme-Tatoue-BD.jpg 1366w\" sizes=\"auto, (max-width: 1024px) 100vw, 1024px\" \/><\/figure>\n\n\n\n<p><strong>Key Advantages of UltraChrome K3 :<\/strong><\/p>\n\n\n\n<ul class=\"wp-block-list\">\n<li>Archival permanence: up to 100\u2013200 years under ideal storage.<\/li>\n\n\n\n<li>Three blacks (Photo Black, Light Black, Light Light Black) for smooth gradations and neutral tones.<\/li>\n\n\n\n<li>Very wide color gamut \u2013 ideal for fine art and photography.<\/li>\n\n\n\n<li>Excellent resistance to light, humidity, and ozone.<\/li>\n\n\n\n<li>Outstanding tonal stability \u2013 no visible color shifts over time.<\/li>\n<\/ul>","protected":false},"excerpt":{"rendered":"<p>Atelier D images utilise des encres pigmentaires Epson UltraChrome K3, reconnues dans le monde entier pour leur tenue dans le temps et leur qualit\u00e9 mus\u00e9ale. Dans notre atelier chaque tirage est r\u00e9alis\u00e9 avec des encres con\u00e7ues pour durer. La technologie Epson UltraChrome K3 \u2013 avec ses 8 encres pigmentaires, dont trois nuances de noir \u2013 [&hellip;]<\/p>","protected":false},"author":1,"featured_media":0,"parent":0,"menu_order":0,"comment_status":"closed","ping_status":"closed","template":"","meta":{"_acf_changed":false,"footnotes":""},"class_list":["post-170","page","type-page","status-publish","hentry"],"acf":[],"_links":{"self":[{"href":"https:\/\/d-images.net\/en\/wp-json\/wp\/v2\/pages\/170","targetHints":{"allow":["GET"]}}],"collection":[{"href":"https:\/\/d-images.net\/en\/wp-json\/wp\/v2\/pages"}],"about":[{"href":"https:\/\/d-images.net\/en\/wp-json\/wp\/v2\/types\/page"}],"author":[{"embeddable":true,"href":"https:\/\/d-images.net\/en\/wp-json\/wp\/v2\/users\/1"}],"replies":[{"embeddable":true,"href":"https:\/\/d-images.net\/en\/wp-json\/wp\/v2\/comments?post=170"}],"version-history":[{"count":4,"href":"https:\/\/d-images.net\/en\/wp-json\/wp\/v2\/pages\/170\/revisions"}],"predecessor-version":[{"id":477,"href":"https:\/\/d-images.net\/en\/wp-json\/wp\/v2\/pages\/170\/revisions\/477"}],"wp:attachment":[{"href":"https:\/\/d-images.net\/en\/wp-json\/wp\/v2\/media?parent=170"}],"curies":[{"name":"wp","href":"https:\/\/api.w.org\/{rel}","templated":true}]}}