{"id":29,"date":"2024-10-27T14:29:49","date_gmt":"2024-10-27T14:29:49","guid":{"rendered":"http:\/\/localhost\/dimages\/?page_id=29"},"modified":"2025-06-26T15:13:51","modified_gmt":"2025-06-26T14:13:51","slug":"contact","status":"publish","type":"page","link":"https:\/\/d-images.net\/en\/contact\/","title":{"rendered":"Contact"},"content":{"rendered":"<hr class=\"wp-block-separator has-alpha-channel-opacity is-style-wide\" style=\"margin-top:var(--wp--preset--spacing--10);margin-bottom:var(--wp--preset--spacing--10)\"\/>\n\n\n\n<p class=\"has-text-align-center has-large-font-size\">GET IN TOUCH<\/p>\n\n\n\n<p class=\"has-small-font-size\">You can contact us directly via telephone oe email. If you can\u2019t reach us please don\u2019t forget to submit an email using the form provided below.<\/p>\n\n\n\n<hr class=\"wp-block-separator has-alpha-channel-opacity is-style-wide\"\/>\n\n\n\n<div class=\"wp-block-columns is-layout-flex wp-container-core-columns-is-layout-d0b3c9c8 wp-block-columns-is-layout-flex\">\n<div class=\"wp-block-column is-layout-flow wp-block-column-is-layout-flow\" style=\"--col-width:40%;flex-basis:40%\">\n<p><strong>If you want to contact us directly<\/strong><\/p>\n\n\n\n<p>\ud83d\udcde +33 6 14 73 87 84 \/ +33 1 57 40 84 05<\/p>\n\n\n\n<p>\u2709 contact@d-images.net<\/p>\n\n\n\n<p>\ud83d\udccd 66 rue Stalingrad 93 Montreuil, France<\/p>\n<\/div>\n\n\n\n<div class=\"wp-block-column is-layout-flow wp-block-column-is-layout-flow\" style=\"--col-width:60%;flex-basis:60%\">\n<div class=\"wpcf7 no-js\" id=\"wpcf7-f108-o1\" lang=\"ru-RU\" dir=\"ltr\" data-wpcf7-id=\"108\">\n<div class=\"screen-reader-response\"><p role=\"status\" aria-live=\"polite\" aria-atomic=\"true\"><\/p> <ul><\/ul><\/div>\n<form action=\"\/en\/wp-json\/wp\/v2\/pages\/29#wpcf7-f108-o1\" method=\"post\" class=\"wpcf7-form init\" aria-label=\"\u041a\u043e\u043d\u0442\u0430\u043a\u0442\u043d\u0430\u044f \u0444\u043e\u0440\u043c\u0430\" novalidate=\"novalidate\" data-status=\"init\" data-trp-original-action=\"\/en\/wp-json\/wp\/v2\/pages\/29#wpcf7-f108-o1\">\n<fieldset class=\"hidden-fields-container\"><input type=\"hidden\" name=\"_wpcf7\" value=\"108\" \/><input type=\"hidden\" name=\"_wpcf7_version\" value=\"6.1\" \/><input type=\"hidden\" name=\"_wpcf7_locale\" value=\"ru_RU\" \/><input type=\"hidden\" name=\"_wpcf7_unit_tag\" value=\"wpcf7-f108-o1\" \/><input type=\"hidden\" name=\"_wpcf7_container_post\" value=\"0\" \/><input type=\"hidden\" name=\"_wpcf7_posted_data_hash\" value=\"\" \/>\n<\/fieldset>\n<div class=\"form-contacts-custom\">\n\t<p><span class=\"wpcf7-form-control-wrap\" data-name=\"your-name\"><input size=\"40\" maxlength=\"400\" class=\"wpcf7-form-control wpcf7-text wpcf7-validates-as-required\" autocomplete=\"name\" aria-required=\"true\" aria-invalid=\"false\" placeholder=\"Name\" value=\"\" type=\"text\" name=\"your-name\" \/><\/span><span class=\"wpcf7-form-control-wrap\" data-name=\"your-email\"><input size=\"40\" maxlength=\"400\" class=\"wpcf7-form-control wpcf7-email wpcf7-validates-as-required wpcf7-text wpcf7-validates-as-email\" autocomplete=\"email\" aria-required=\"true\" aria-invalid=\"false\" placeholder=\"E-mail\" value=\"\" type=\"email\" name=\"your-email\" \/><\/span><br \/>\n<span class=\"wpcf7-form-control-wrap\" data-name=\"tel-321\"><input size=\"40\" maxlength=\"400\" class=\"wpcf7-form-control wpcf7-tel wpcf7-text wpcf7-validates-as-tel\" aria-invalid=\"false\" placeholder=\"Phone\" value=\"\" type=\"tel\" name=\"tel-321\" \/><\/span><br \/>\n<span class=\"wpcf7-form-control-wrap\" data-name=\"your-message\"><textarea cols=\"40\" rows=\"10\" maxlength=\"2000\" class=\"wpcf7-form-control wpcf7-textarea\" aria-invalid=\"false\" placeholder=\"Message\" name=\"your-message\"><\/textarea><\/span><br \/>\n<input class=\"wpcf7-form-control wpcf7-submit has-spinner\" type=\"submit\" value=\"Submit\" \/>\n\t<\/p>\n<\/div><div class=\"wpcf7-response-output\" aria-hidden=\"true\"><\/div>\n<input type=\"hidden\" name=\"trp-form-language\" value=\"en\"\/><\/form>\n<\/div>\n\n<\/div>\n<\/div>\n\n\n\n<div class=\"wp-block-group alignfull is-layout-flow wp-block-group-is-layout-flow\">\n<style>\n  .google-maps {\n    height: 350px; \/* \u0424\u0438\u043a\u0441\u0438\u0440\u043e\u0432\u0430\u043d\u043d\u0430\u044f \u0432\u044b\u0441\u043e\u0442\u0430 *\/\n    padding-bottom: 0; \/* \u0423\u0431\u0438\u0440\u0430\u0435\u043c \u043e\u0442\u0441\u0442\u0443\u043f *\/\n    position: relative;    \n    overflow: hidden;\n    margin-bottom: 0; \/* \u0423\u0431\u0438\u0440\u0430\u0435\u043c \u043e\u0442\u0441\u0442\u0443\u043f \u0441\u043d\u0438\u0437\u0443 *\/\n  }\n  .google-maps iframe {\n    position: absolute;\n    top: 0;\n    left: 0;\n    width: 100% !important; \/* \u0428\u0438\u0440\u0438\u043d\u0430 \u043d\u0430 \u0432\u0441\u044e \u0441\u0442\u0440\u0430\u043d\u0438\u0446\u0443 *\/\n    height: 100% !important; \/* \u0412\u044b\u0441\u043e\u0442\u0430 \u043d\u0430 100% \u043a\u043e\u043d\u0442\u0435\u0439\u043d\u0435\u0440\u0430 *\/\n    border: 0; \/* \u0423\u0431\u0438\u0440\u0430\u0435\u043c \u0440\u0430\u043c\u043a\u0443 *\/\n  }\n<\/style>\n\n\n\n<div class=\"google-maps\">\n<iframe src=\"https:\/\/www.google.com\/maps\/embed?pb=!1m18!1m12!1m3!1d2625.057275408004!2d2.4418993767778825!3d48.85711820079558!2m3!1f0!2f0!3f0!3m2!1i1024!2i768!4f13.1!3m3!1m2!1s0x47e66d59c8fa9a2b%3A0x639e7971fe5b3a71!2s66%20Rue%20de%20Stalingrad%2C%2093100%20Montreuil%2C%20France!5e0!3m2!1sfr!2sru!4v1731613519414!5m2!1sfr!2sru\" width=\"1200\" height=\"350\" style=\"border:0;\" allowfullscreen=\"\" loading=\"lazy\" referrerpolicy=\"no-referrer-when-downgrade\"><\/iframe>\n<\/div>\n<\/div>","protected":false},"excerpt":{"rendered":"<p>ENTRER EN CONTACT Vous pouvez nous joindre directement par t\u00e9l\u00e9phone ou par e-mail. Si vous ne parvenez pas \u00e0 nous contacter, pensez \u00e0 utiliser le formulaire ci-dessous pour nous envoyer un message. Contactez-nous directement \ud83d\udcde +33 6 14 73 87 84 \/ +33 1 57 40 84 05 \u2709 contact@d-images.net \ud83d\udccd 66 rue Stalingrad 93 [&hellip;]<\/p>","protected":false},"author":1,"featured_media":0,"parent":0,"menu_order":4,"comment_status":"closed","ping_status":"closed","template":"page-no-title","meta":{"_acf_changed":false,"footnotes":""},"class_list":["post-29","page","type-page","status-publish","hentry"],"acf":[],"_links":{"self":[{"href":"https:\/\/d-images.net\/en\/wp-json\/wp\/v2\/pages\/29","targetHints":{"allow":["GET"]}}],"collection":[{"href":"https:\/\/d-images.net\/en\/wp-json\/wp\/v2\/pages"}],"about":[{"href":"https:\/\/d-images.net\/en\/wp-json\/wp\/v2\/types\/page"}],"author":[{"embeddable":true,"href":"https:\/\/d-images.net\/en\/wp-json\/wp\/v2\/users\/1"}],"replies":[{"embeddable":true,"href":"https:\/\/d-images.net\/en\/wp-json\/wp\/v2\/comments?post=29"}],"version-history":[{"count":16,"href":"https:\/\/d-images.net\/en\/wp-json\/wp\/v2\/pages\/29\/revisions"}],"predecessor-version":[{"id":544,"href":"https:\/\/d-images.net\/en\/wp-json\/wp\/v2\/pages\/29\/revisions\/544"}],"wp:attachment":[{"href":"https:\/\/d-images.net\/en\/wp-json\/wp\/v2\/media?parent=29"}],"curies":[{"name":"wp","href":"https:\/\/api.w.org\/{rel}","templated":true}]}}