{"id":71,"date":"2024-10-27T19:24:52","date_gmt":"2024-10-27T19:24:52","guid":{"rendered":"http:\/\/localhost\/dimages\/?page_id=71"},"modified":"2025-06-25T14:03:51","modified_gmt":"2025-06-25T13:03:51","slug":"retours-et-remboursements","status":"publish","type":"page","link":"https:\/\/d-images.net\/en\/retours-et-remboursements\/","title":{"rendered":"Returns and Refunds"},"content":{"rendered":"<p style=\"margin-top:var(--wp--preset--spacing--30)\"><strong>Returns and Refunds<\/strong><\/p>\n\n\n\n<p style=\"margin-top:var(--wp--preset--spacing--30)\">At D Images, we strive to ensure that you are completely satisfied with your order. If you have made an order in error or if your order was damaged during delivery, please contact us as soon as possible.<\/p>\n\n\n\n<p>To initiate a return or refund, follow these steps:<\/p>\n\n\n\n<ol class=\"wp-block-list\">\n<li><strong>Contact Us:<\/strong> Contact us ( contact@d-images.net ) with details of your order and explication of the problem.<\/li>\n\n\n\n<li><strong>Review:<\/strong> We will review your request and respond promptly to provide a solution.<\/li>\n\n\n\n<li><strong>Resolution:<\/strong> Depending on the situation, we will either correct the order or issue a refund for the amount of your order.<\/li>\n<\/ol>\n\n\n\n<p>Please note that all returns must be made within 14 days of receipt, in accordance with French consumer protection laws. We appreciate your understanding and are here to assist you in any way we can.<\/p>","protected":false},"excerpt":{"rendered":"<p>Retours et Remboursements Chez D Images, nous nous engageons \u00e0 garantir votre satisfaction totale concernant votre commande. Si vous avez pass\u00e9 une commande par erreur ou si votre commande a \u00e9t\u00e9 endommag\u00e9e pendant la livraison, veuillez nous contacter d\u00e8s que possible. Pour initier un retour ou un remboursement, suivez ces \u00e9tapes : Veuillez noter que [&hellip;]<\/p>","protected":false},"author":1,"featured_media":0,"parent":0,"menu_order":0,"comment_status":"closed","ping_status":"closed","template":"page-no-title","meta":{"_acf_changed":false,"footnotes":""},"class_list":["post-71","page","type-page","status-publish","hentry"],"acf":[],"_links":{"self":[{"href":"https:\/\/d-images.net\/en\/wp-json\/wp\/v2\/pages\/71","targetHints":{"allow":["GET"]}}],"collection":[{"href":"https:\/\/d-images.net\/en\/wp-json\/wp\/v2\/pages"}],"about":[{"href":"https:\/\/d-images.net\/en\/wp-json\/wp\/v2\/types\/page"}],"author":[{"embeddable":true,"href":"https:\/\/d-images.net\/en\/wp-json\/wp\/v2\/users\/1"}],"replies":[{"embeddable":true,"href":"https:\/\/d-images.net\/en\/wp-json\/wp\/v2\/comments?post=71"}],"version-history":[{"count":4,"href":"https:\/\/d-images.net\/en\/wp-json\/wp\/v2\/pages\/71\/revisions"}],"predecessor-version":[{"id":520,"href":"https:\/\/d-images.net\/en\/wp-json\/wp\/v2\/pages\/71\/revisions\/520"}],"wp:attachment":[{"href":"https:\/\/d-images.net\/en\/wp-json\/wp\/v2\/media?parent=71"}],"curies":[{"name":"wp","href":"https:\/\/api.w.org\/{rel}","templated":true}]}}