{"id":73,"date":"2024-10-27T19:27:52","date_gmt":"2024-10-27T19:27:52","guid":{"rendered":"http:\/\/localhost\/dimages\/?page_id=73"},"modified":"2025-06-26T15:08:56","modified_gmt":"2025-06-26T14:08:56","slug":"a-propos-de-nous","status":"publish","type":"page","link":"https:\/\/d-images.net\/en\/a-propos-de-nous\/","title":{"rendered":"About Us"},"content":{"rendered":"<p style=\"margin-top:var(--wp--preset--spacing--30)\">Atelier D-IMAGES, initially founded as Atelier Label Image in 2006 by Delphine Piovant, is a renowned Paris-based fine art printing atelier. With a strong focus on photographic craftsmanship, Delphine established the company after years of experience in prestigious photography labs. The atelier's mission has always been to foster close collaboration with artists, offering premium printing and production services tailored to meet the demands of high-level exhibitions.<\/p>\n\n\n\n<p>We address your concerns about image sizing, color accuracy, paper selection, and specific formats. Print tests are available to ensure your satisfaction.<\/p>\n\n\n\n<div class=\"wp-block-group is-vertical is-content-justification-right is-layout-flex wp-container-core-group-is-layout-54588ecf wp-block-group-is-layout-flex\">\n<figure class=\"wp-block-image size-large is-resized\"><img loading=\"lazy\" decoding=\"async\" width=\"1024\" height=\"683\" src=\"http:\/\/d-images.net\/wp-content\/uploads\/2024\/11\/A-Propos-de-Nous-1024x683.jpg\" alt=\"D-images. \u00c0 Propos de Nous\" class=\"wp-image-156\" style=\"width:840px;height:auto\" srcset=\"https:\/\/d-images.net\/wp-content\/uploads\/2024\/11\/A-Propos-de-Nous-1024x683.jpg 1024w, https:\/\/d-images.net\/wp-content\/uploads\/2024\/11\/A-Propos-de-Nous-300x200.jpg 300w, https:\/\/d-images.net\/wp-content\/uploads\/2024\/11\/A-Propos-de-Nous-768x513.jpg 768w, https:\/\/d-images.net\/wp-content\/uploads\/2024\/11\/A-Propos-de-Nous-1536x1025.jpg 1536w, https:\/\/d-images.net\/wp-content\/uploads\/2024\/11\/A-Propos-de-Nous-2048x1367.jpg 2048w, https:\/\/d-images.net\/wp-content\/uploads\/2024\/11\/A-Propos-de-Nous-18x12.jpg 18w, https:\/\/d-images.net\/wp-content\/uploads\/2024\/11\/A-Propos-de-Nous-600x400.jpg 600w\" sizes=\"auto, (max-width: 1024px) 100vw, 1024px\" \/><\/figure>\n\n\n\n<p class=\"has-small-font-size\"><a href=\"https:\/\/www.oliviagay.com\/\" data-type=\"link\" data-id=\"https:\/\/www.oliviagay.com\/\" target=\"_blank\" rel=\"noreferrer noopener\">@Olivia Gay<\/a><\/p>\n<\/div>\n\n\n\n<p>Atelier D-IMAGES works closely with photographers, painters, illustrators, as well as major cultural institutions and renowned artists, supporting their creative projects through high-quality production work.<\/p>\n\n\n\n<p>The atelier has also been a key partner of the Circulations Festival, a major event for emerging European photography, producing all the exhibition prints for more than a decade. Additionally, Atelier D-IMAGES collaborates closely with the Fetart collective. In 2017, the company rebranded as Atelier D-IMAGES, continuing its commitment to the art of photography and visual storytelling.<\/p>","protected":false},"excerpt":{"rendered":"<p>Atelier D-IMAGES, fond\u00e9 \u00e0 l&rsquo;origine sous le nom d&rsquo;Atelier Label Image en 2006 par Delphine Piovant, est un atelier de tirage d&rsquo;art de renom bas\u00e9 \u00e0 Paris. Avec un profond engagement envers l\u2019artisanat photographique, Delphine a cr\u00e9\u00e9 l\u2019atelier apr\u00e8s avoir travaill\u00e9 plusieurs ann\u00e9es dans des laboratoires photographiques prestigieux. La mission de l\u2019atelier a toujours \u00e9t\u00e9 [&hellip;]<\/p>","protected":false},"author":1,"featured_media":0,"parent":0,"menu_order":0,"comment_status":"closed","ping_status":"closed","template":"page-no-title","meta":{"_acf_changed":false,"footnotes":""},"class_list":["post-73","page","type-page","status-publish","hentry"],"acf":[],"_links":{"self":[{"href":"https:\/\/d-images.net\/en\/wp-json\/wp\/v2\/pages\/73","targetHints":{"allow":["GET"]}}],"collection":[{"href":"https:\/\/d-images.net\/en\/wp-json\/wp\/v2\/pages"}],"about":[{"href":"https:\/\/d-images.net\/en\/wp-json\/wp\/v2\/types\/page"}],"author":[{"embeddable":true,"href":"https:\/\/d-images.net\/en\/wp-json\/wp\/v2\/users\/1"}],"replies":[{"embeddable":true,"href":"https:\/\/d-images.net\/en\/wp-json\/wp\/v2\/comments?post=73"}],"version-history":[{"count":4,"href":"https:\/\/d-images.net\/en\/wp-json\/wp\/v2\/pages\/73\/revisions"}],"predecessor-version":[{"id":542,"href":"https:\/\/d-images.net\/en\/wp-json\/wp\/v2\/pages\/73\/revisions\/542"}],"wp:attachment":[{"href":"https:\/\/d-images.net\/en\/wp-json\/wp\/v2\/media?parent=73"}],"curies":[{"name":"wp","href":"https:\/\/api.w.org\/{rel}","templated":true}]}}